{"id":1786,"date":"2022-10-03T10:11:46","date_gmt":"2022-10-03T14:11:46","guid":{"rendered":"https:\/\/unissonconferences.com\/2023\/topics\/"},"modified":"2025-11-24T10:45:44","modified_gmt":"2025-11-24T15:45:44","slug":"all-topics","status":"publish","type":"page","link":"https:\/\/unissonconferences.com\/en\/all-topics\/","title":{"rendered":"Conference and Training Topics"},"content":{"rendered":"<div class=\"et_pb_section_0 et_pb_section et_section_regular et_block_section\">\n<div class=\"et_pb_row_0 et_pb_row et_block_row preset--module--divi-row--default\">\n<div class=\"et_pb_column_0 et_pb_column et_pb_column_4_4 et-last-child et_block_column et_pb_css_mix_blend_mode_passthrough\">\n<div class=\"et_pb_heading_0 et_pb_heading et_pb_module et_block_module\"><div class=\"et_pb_heading_container\"><h1 class=\"et_pb_module_header\">Conference and Training Topics<\/h1><\/div><\/div>\n\n<div class=\"et_pb_text_0 et_pb_text et_pb_bg_layout_dark et_pb_module et_block_module\"><div class=\"et_pb_text_inner\"><p>Explore a wide range of <strong>conference and training topics<\/strong> offered by <strong>Unisson keynote speakers<\/strong>. Our experts cover key themes in sales, customer service, team management, business management, and personal development. Whether you're looking to <strong>inspire your team<\/strong>, enhance your <strong>customer service<\/strong> skills, optimize <strong>business management<\/strong>, or promote <strong>personal growth<\/strong>, we have tailored solutions to meet your needs.<\/p>\n<\/div><\/div>\n<\/div>\n<\/div>\n<\/div>\n\n<div class=\"et_pb_section_1 et_pb_section et_section_regular et_block_section\"><div class=\"et_pb_row_1 et_pb_row et_block_row preset--module--divi-row--default\"><div class=\"et_pb_column_1 et_pb_column et_pb_column_4_4 et-last-child et_block_column et_pb_css_mix_blend_mode_passthrough\"><div class=\"et_pb_text_1 et_pb_text et_pb_bg_layout_light et_pb_module et_block_module\"><div class=\"et_pb_text_inner\"><nav class=\"vc-breadcrumb\"><a href=\"\/en\/\" class=\"vc-bc-button\">Home<\/a><\/nav>\n<\/div><\/div><\/div><\/div><\/div>\n\n<div class=\"et_pb_section_2 et_pb_section et_section_regular et_block_section\">\n<div class=\"et_pb_row_2 et_pb_row et_block_row preset--module--divi-row--default\">\n<div class=\"et_pb_column_2 et_pb_column et_pb_column_4_4 et-last-child et_block_column et_pb_css_mix_blend_mode_passthrough\">\n<div class=\"et_pb_text_2 et_pb_text et_pb_bg_layout_light et_pb_module et_block_module\"><div class=\"et_pb_text_inner\"><h2>How to Choose the Right Topic and Speaker?<\/h2>\n<p>Selecting the topic for your event is crucial to its success. It must align with your objectives and meet the expectations of your participants. Once you have identified the topic that addresses your priorities, <a style=\"text-decoration:underline\" href=\"\/en\/speakers\/\">choosing the right speaker<\/a> becomes essential to ensure the impact of your event.<\/p>\n<p><a style=\"text-decoration:underline\" href=\"\/en\/about\/\">Our team<\/a> is here to guide you throughout this process and help you <a style=\"text-decoration:underline\" href=\"\/en\/\">find the speaker<\/a> who will transform your event into an unforgettable experience.<\/p>\n<\/div><\/div>\n<\/div>\n<\/div>\n<\/div>\n\n<div class=\"et_pb_section_3 et_pb_section et_section_regular et_block_section\">\n<div class=\"et_pb_row_3 et_pb_row et_block_row preset--module--divi-row--default\">\n<div class=\"et_pb_column_3 et_pb_column et_pb_column_4_4 et-last-child et_block_column et_pb_css_mix_blend_mode_passthrough\">\n<div class=\"et_pb_heading_1 et_pb_heading et_pb_module et_block_module\"><div class=\"et_pb_heading_container\"><h3 class=\"et_pb_module_header\">Choose a topic group<\/h3><\/div><\/div>\n\n<div class=\"et_pb_code_0 et_pb_code et_pb_text_align_center et_pb_module\"><div class=\"et_pb_code_inner\"><style>\n\t\t.a-sujet {\n\t\t\ttransition: box-shadow 0.3s ease, filter 0.3s ease;\n\t\t}\n\t\t.a-sujet:hover {\n\t\t\tbox-shadow: 0 10px 20px rgba(0,0,0,0.5);\n\t\t\tfilter: brightness(1.15);\n\t\t}\n\t\t<\/style><div style=\"display: flex; flex-wrap: wrap; justify-content: center; gap: 15px;\"><a class=\"a-sujet\" href=\"https:\/\/unissonconferences.com\/en\/topics\/all\/business-strategy\/\" style=\"\n\t\t\t\twidth: 200px;\n\t\t\t\theight: 200px;\n\t\t\t\tbackground: url('https:\/\/unissonconferences.com\/wp-content\/uploads\/2025\/03\/gestion-entreprise-300x300.jpg') center center no-repeat;\n\t\t\t\tbackground-size: cover;\n\t\t\t\tdisplay: flex;\n\t\t\t\talign-items: center;\n\t\t\t\tjustify-content: center;\n\t\t\t\ttext-decoration: none;\n\t\t\t\tcolor: white;\n\t\t\t\ttext-align: center;\n\t\t\t\tborder-radius: 8px;\n\t\t\t\tbox-sizing: border-box;\n\t\t\t\toverflow: hidden;\n\t\t\t\">\n\t\t\t\t<span style=\"\n\t\t\t\t\tbackground-color: rgba(0, 0, 0, 0.7);\n\t\t\t\t\tpadding: 10px;\n\t\t\t\t\tborder-radius: 5px;\n\t\t\t\t\tfont-weight: bold;\n\t\t\t\t\twidth: 90%;\n\t\t\t\t\tbox-sizing: border-box;\n\t\t\t\t\">BUSINESS STRATEGY<\/span>\n\t\t\t<\/a><a class=\"a-sujet\" href=\"https:\/\/unissonconferences.com\/en\/topics\/all\/sales-and-customer-service\/\" style=\"\n\t\t\t\twidth: 200px;\n\t\t\t\theight: 200px;\n\t\t\t\tbackground: url('https:\/\/unissonconferences.com\/wp-content\/uploads\/2025\/03\/vente-et-sac-300x300.jpg') center center no-repeat;\n\t\t\t\tbackground-size: cover;\n\t\t\t\tdisplay: flex;\n\t\t\t\talign-items: center;\n\t\t\t\tjustify-content: center;\n\t\t\t\ttext-decoration: none;\n\t\t\t\tcolor: white;\n\t\t\t\ttext-align: center;\n\t\t\t\tborder-radius: 8px;\n\t\t\t\tbox-sizing: border-box;\n\t\t\t\toverflow: hidden;\n\t\t\t\">\n\t\t\t\t<span style=\"\n\t\t\t\t\tbackground-color: rgba(0, 0, 0, 0.7);\n\t\t\t\t\tpadding: 10px;\n\t\t\t\t\tborder-radius: 5px;\n\t\t\t\t\tfont-weight: bold;\n\t\t\t\t\twidth: 90%;\n\t\t\t\t\tbox-sizing: border-box;\n\t\t\t\t\">SALES AND CUSTOMER SERVICE<\/span>\n\t\t\t<\/a><a class=\"a-sujet\" href=\"https:\/\/unissonconferences.com\/en\/topics\/all\/team-management\/\" style=\"\n\t\t\t\twidth: 200px;\n\t\t\t\theight: 200px;\n\t\t\t\tbackground: url('https:\/\/unissonconferences.com\/wp-content\/uploads\/2025\/03\/gestion-equipe-300x300.jpg') center center no-repeat;\n\t\t\t\tbackground-size: cover;\n\t\t\t\tdisplay: flex;\n\t\t\t\talign-items: center;\n\t\t\t\tjustify-content: center;\n\t\t\t\ttext-decoration: none;\n\t\t\t\tcolor: white;\n\t\t\t\ttext-align: center;\n\t\t\t\tborder-radius: 8px;\n\t\t\t\tbox-sizing: border-box;\n\t\t\t\toverflow: hidden;\n\t\t\t\">\n\t\t\t\t<span style=\"\n\t\t\t\t\tbackground-color: rgba(0, 0, 0, 0.7);\n\t\t\t\t\tpadding: 10px;\n\t\t\t\t\tborder-radius: 5px;\n\t\t\t\t\tfont-weight: bold;\n\t\t\t\t\twidth: 90%;\n\t\t\t\t\tbox-sizing: border-box;\n\t\t\t\t\">TEAM MANAGEMENT<\/span>\n\t\t\t<\/a><a class=\"a-sujet\" href=\"https:\/\/unissonconferences.com\/en\/topics\/all\/various-topics\/\" style=\"\n\t\t\t\twidth: 200px;\n\t\t\t\theight: 200px;\n\t\t\t\tbackground: url('https:\/\/unissonconferences.com\/wp-content\/uploads\/2025\/03\/sujets-varies-300x300.jpg') center center no-repeat;\n\t\t\t\tbackground-size: cover;\n\t\t\t\tdisplay: flex;\n\t\t\t\talign-items: center;\n\t\t\t\tjustify-content: center;\n\t\t\t\ttext-decoration: none;\n\t\t\t\tcolor: white;\n\t\t\t\ttext-align: center;\n\t\t\t\tborder-radius: 8px;\n\t\t\t\tbox-sizing: border-box;\n\t\t\t\toverflow: hidden;\n\t\t\t\">\n\t\t\t\t<span style=\"\n\t\t\t\t\tbackground-color: rgba(0, 0, 0, 0.7);\n\t\t\t\t\tpadding: 10px;\n\t\t\t\t\tborder-radius: 5px;\n\t\t\t\t\tfont-weight: bold;\n\t\t\t\t\twidth: 90%;\n\t\t\t\t\tbox-sizing: border-box;\n\t\t\t\t\">VARIOUS TOPICS<\/span>\n\t\t\t<\/a><a class=\"a-sujet\" href=\"https:\/\/unissonconferences.com\/en\/topics\/all\/wellness-and-personal-development\/\" style=\"\n\t\t\t\twidth: 200px;\n\t\t\t\theight: 200px;\n\t\t\t\tbackground: url('https:\/\/unissonconferences.com\/wp-content\/uploads\/2025\/03\/mieux-etre-et-dev-perso-300x300.jpg') center center no-repeat;\n\t\t\t\tbackground-size: cover;\n\t\t\t\tdisplay: flex;\n\t\t\t\talign-items: center;\n\t\t\t\tjustify-content: center;\n\t\t\t\ttext-decoration: none;\n\t\t\t\tcolor: white;\n\t\t\t\ttext-align: center;\n\t\t\t\tborder-radius: 8px;\n\t\t\t\tbox-sizing: border-box;\n\t\t\t\toverflow: hidden;\n\t\t\t\">\n\t\t\t\t<span style=\"\n\t\t\t\t\tbackground-color: rgba(0, 0, 0, 0.7);\n\t\t\t\t\tpadding: 10px;\n\t\t\t\t\tborder-radius: 5px;\n\t\t\t\t\tfont-weight: bold;\n\t\t\t\t\twidth: 90%;\n\t\t\t\t\tbox-sizing: border-box;\n\t\t\t\t\">WELLNESS AND PERSONAL DEVELOPMENT<\/span>\n\t\t\t<\/a><\/div><\/div><\/div>\n<\/div>\n<\/div>\n<\/div>\n\n<div class=\"et_pb_section_4 et_pb_section et_section_regular et_block_section\">\n<div class=\"et_pb_row_4 et_pb_row et_block_row preset--module--divi-row--default\">\n<div class=\"et_pb_column_4 et_pb_column et_pb_column_4_4 et-last-child et_block_column et_pb_css_mix_blend_mode_passthrough\">\n<div class=\"et_pb_text_3 et_pb_text et_pb_bg_layout_light et_pb_module et_block_module\"><div class=\"et_pb_text_inner\"><p>Our <em>Speakers<\/em> Cover All Current Topics!<\/p>\n<p><strong>It\u2019s possible to combine multiple conference topics<\/strong>. <a href=\"\/en\/contact\/\">Contact us<\/a> today to discuss your needs and discover the ideal <em>speaker<\/em> for your event!<\/p>\n<\/div><\/div>\n\n<div class=\"et_pb_module et_pb_button_module_wrapper et_pb_button_0_wrapper\"><a class=\"et_pb_button_0 et_pb_button et_pb_bg_layout_light et_pb_module et_block_module zf_button_607897\" href=\"#\">CONTACT US<\/a><\/div>\n<\/div>\n<\/div>\n<\/div>\n\n<div class=\"et_pb_section_5 et_pb_section et_section_regular et_block_section\">\n<div class=\"et_pb_row_5 et_pb_row et_block_row preset--module--divi-row--default\">\n<div class=\"et_pb_column_5 et_pb_column et_pb_column_4_4 et-last-child et_block_column et_pb_css_mix_blend_mode_passthrough\">\n<div class=\"et_pb_image_0 et_pb_image et_pb_module et_block_module\"><span class=\"et_pb_image_wrap\"><img loading=\"lazy\" decoding=\"async\" src=\"https:\/\/unissonconferences.com\/wp-content\/uploads\/2025\/11\/Unisson_conferenciers-SITE-WEB-Nov-2025-1-scaled.png\" alt=\"At Unisson Conferences, we are proud to represent some of the industry\u2019s top speakers and trainers.\" width=\"2560\" height=\"1280\" srcset=\"https:\/\/unissonconferences.com\/wp-content\/uploads\/2025\/11\/Unisson_conferenciers-SITE-WEB-Nov-2025-1-scaled.png 2560w, https:\/\/unissonconferences.com\/wp-content\/uploads\/2025\/11\/Unisson_conferenciers-SITE-WEB-Nov-2025-1-1280x640.png 1280w, https:\/\/unissonconferences.com\/wp-content\/uploads\/2025\/11\/Unisson_conferenciers-SITE-WEB-Nov-2025-1-980x490.png 980w, https:\/\/unissonconferences.com\/wp-content\/uploads\/2025\/11\/Unisson_conferenciers-SITE-WEB-Nov-2025-1-480x240.png 480w\" sizes=\"(min-width: 0px) and (max-width: 480px) 480px, (min-width: 481px) and (max-width: 980px) 980px, (min-width: 981px) and (max-width: 1280px) 1280px, (min-width: 1281px) 2560px, 100vw\" class=\"wp-image-19846\" title=\"Unisson_conferenciers-SITE-WEB-Fevrier-2025\" \/><\/span><\/div>\n<\/div>\n<\/div>\n<\/div>","protected":false},"excerpt":{"rendered":"","protected":false},"author":11,"featured_media":0,"parent":0,"menu_order":14,"comment_status":"closed","ping_status":"closed","template":"","meta":{"_lmt_disableupdate":"no","_lmt_disable":"","footnotes":""},"class_list":["post-1786","page","type-page","status-publish","hentry"],"yoast_head":"<!-- This site is optimized with the Yoast SEO Premium plugin v27.1 (Yoast SEO v27.1.1) - https:\/\/yoast.com\/product\/yoast-seo-premium-wordpress\/ -->\n<title>Conference and Training Topics - Unisson Conf\u00e9rence<\/title>\n<meta name=\"description\" content=\"Explorez les conf\u00e9rences Unisson : vente, gestion d\u2019\u00e9quipe, d\u2019entreprise et d\u00e9veloppement personnel. Inspirez et motivez votre audience avec nos experts!\" \/>\n<meta name=\"robots\" content=\"index, follow, max-snippet:-1, max-image-preview:large, max-video-preview:-1\" \/>\n<link rel=\"canonical\" href=\"https:\/\/unissonconferences.com\/en\/all-topics\/\" \/>\n<meta property=\"og:locale\" content=\"en_US\" \/>\n<meta property=\"og:type\" content=\"article\" \/>\n<meta property=\"og:title\" content=\"Conference and Training Topics\" \/>\n<meta property=\"og:description\" content=\"Explorez les conf\u00e9rences Unisson : vente, gestion d\u2019\u00e9quipe, d\u2019entreprise et d\u00e9veloppement personnel. Inspirez et motivez votre audience avec nos experts!\" \/>\n<meta property=\"og:url\" content=\"https:\/\/unissonconferences.com\/en\/all-topics\/\" \/>\n<meta property=\"og:site_name\" content=\"Unisson Conf\u00e9rence\" \/>\n<meta property=\"article:publisher\" content=\"https:\/\/www.facebook.com\/unissonconferences\/\" \/>\n<meta property=\"article:modified_time\" content=\"2025-11-24T15:45:44+00:00\" \/>\n<meta name=\"twitter:card\" content=\"summary_large_image\" \/>\n<script type=\"application\/ld+json\" class=\"yoast-schema-graph\">{\"@context\":\"https:\/\/schema.org\",\"@graph\":[{\"@type\":\"WebPage\",\"@id\":\"https:\/\/unissonconferences.com\/en\/all-topics\/\",\"url\":\"https:\/\/unissonconferences.com\/en\/all-topics\/\",\"name\":\"Conference and Training Topics - Unisson Conf\u00e9rence\",\"isPartOf\":{\"@id\":\"https:\/\/unissonconferences.com\/en\/#website\"},\"datePublished\":\"2022-10-03T14:11:46+00:00\",\"dateModified\":\"2025-11-24T15:45:44+00:00\",\"description\":\"Explorez les conf\u00e9rences Unisson : vente, gestion d\u2019\u00e9quipe, d\u2019entreprise et d\u00e9veloppement personnel. Inspirez et motivez votre audience avec nos experts!\",\"breadcrumb\":{\"@id\":\"https:\/\/unissonconferences.com\/en\/all-topics\/#breadcrumb\"},\"inLanguage\":\"en-CA\",\"potentialAction\":[{\"@type\":\"ReadAction\",\"target\":[\"https:\/\/unissonconferences.com\/en\/all-topics\/\"]}]},{\"@type\":\"BreadcrumbList\",\"@id\":\"https:\/\/unissonconferences.com\/en\/all-topics\/#breadcrumb\",\"itemListElement\":[{\"@type\":\"ListItem\",\"position\":1,\"name\":\"Accueil\",\"item\":\"https:\/\/unissonconferences.com\/en\/\"},{\"@type\":\"ListItem\",\"position\":2,\"name\":\"Conference and Training Topics\"}]},{\"@type\":\"WebSite\",\"@id\":\"https:\/\/unissonconferences.com\/en\/#website\",\"url\":\"https:\/\/unissonconferences.com\/en\/\",\"name\":\"Unisson Conf\u00e9rences\",\"description\":\"L&#039;\u00e9lite de la conf\u00e9rence\",\"publisher\":{\"@id\":\"https:\/\/unissonconferences.com\/en\/#organization\"},\"potentialAction\":[{\"@type\":\"SearchAction\",\"target\":{\"@type\":\"EntryPoint\",\"urlTemplate\":\"https:\/\/unissonconferences.com\/en\/?s={search_term_string}\"},\"query-input\":{\"@type\":\"PropertyValueSpecification\",\"valueRequired\":true,\"valueName\":\"search_term_string\"}}],\"inLanguage\":\"en-CA\"},{\"@type\":\"Organization\",\"@id\":\"https:\/\/unissonconferences.com\/en\/#organization\",\"name\":\"Unisson Conf\u00e9rences\",\"url\":\"https:\/\/unissonconferences.com\/en\/\",\"logo\":{\"@type\":\"ImageObject\",\"inLanguage\":\"en-CA\",\"@id\":\"https:\/\/unissonconferences.com\/en\/#\/schema\/logo\/image\/\",\"url\":\"https:\/\/unissonconferences.com\/wp-content\/uploads\/2024\/12\/cropped-favicon-unisson-96px-1.png\",\"contentUrl\":\"https:\/\/unissonconferences.com\/wp-content\/uploads\/2024\/12\/cropped-favicon-unisson-96px-1.png\",\"width\":512,\"height\":512,\"caption\":\"Unisson Conf\u00e9rences\"},\"image\":{\"@id\":\"https:\/\/unissonconferences.com\/en\/#\/schema\/logo\/image\/\"},\"sameAs\":[\"https:\/\/www.facebook.com\/unissonconferences\/\",\"https:\/\/www.linkedin.com\/company\/unisson-l-lite-de-la-confrence\/\"],\"description\":\"Unisson, c\u2019est d\u2019abord et avant tout l\u2019id\u00e9e d\u2019une passionn\u00e9e qui a suivi sa passion des conf\u00e9renciers pour cr\u00e9er Unisson! Nous sommes une grande famille, le nom de l\u2019agence le repr\u00e9sente bien\u2026 nous sommes \u00e0 l\u2019Unisson. Tous nos conf\u00e9renciers partagent les m\u00eames valeurs de c\u0153ur, d\u2019authenticit\u00e9 et de contribution!\",\"email\":\"info@unissonconferences.com\",\"telephone\":\"+15148323322\",\"numberOfEmployees\":{\"@type\":\"QuantitativeValue\",\"minValue\":\"1\",\"maxValue\":\"10\"},\"publishingPrinciples\":\"https:\/\/unissonconferences.com\/a-propos\/\",\"actionableFeedbackPolicy\":\"https:\/\/unissonconferences.com\/politique-sur-les-cookies-et-la-confidentialite\/\"}]}<\/script>\n<!-- \/ Yoast SEO Premium plugin. -->","yoast_head_json":{"title":"Conference and Training Topics - Unisson Conf\u00e9rence","description":"Explorez les conf\u00e9rences Unisson : vente, gestion d\u2019\u00e9quipe, d\u2019entreprise et d\u00e9veloppement personnel. Inspirez et motivez votre audience avec nos experts!","robots":{"index":"index","follow":"follow","max-snippet":"max-snippet:-1","max-image-preview":"max-image-preview:large","max-video-preview":"max-video-preview:-1"},"canonical":"https:\/\/unissonconferences.com\/en\/all-topics\/","og_locale":"en_US","og_type":"article","og_title":"Conference and Training Topics","og_description":"Explorez les conf\u00e9rences Unisson : vente, gestion d\u2019\u00e9quipe, d\u2019entreprise et d\u00e9veloppement personnel. Inspirez et motivez votre audience avec nos experts!","og_url":"https:\/\/unissonconferences.com\/en\/all-topics\/","og_site_name":"Unisson Conf\u00e9rence","article_publisher":"https:\/\/www.facebook.com\/unissonconferences\/","article_modified_time":"2025-11-24T15:45:44+00:00","twitter_card":"summary_large_image","schema":{"@context":"https:\/\/schema.org","@graph":[{"@type":"WebPage","@id":"https:\/\/unissonconferences.com\/en\/all-topics\/","url":"https:\/\/unissonconferences.com\/en\/all-topics\/","name":"Conference and Training Topics - Unisson Conf\u00e9rence","isPartOf":{"@id":"https:\/\/unissonconferences.com\/en\/#website"},"datePublished":"2022-10-03T14:11:46+00:00","dateModified":"2025-11-24T15:45:44+00:00","description":"Explorez les conf\u00e9rences Unisson : vente, gestion d\u2019\u00e9quipe, d\u2019entreprise et d\u00e9veloppement personnel. Inspirez et motivez votre audience avec nos experts!","breadcrumb":{"@id":"https:\/\/unissonconferences.com\/en\/all-topics\/#breadcrumb"},"inLanguage":"en-CA","potentialAction":[{"@type":"ReadAction","target":["https:\/\/unissonconferences.com\/en\/all-topics\/"]}]},{"@type":"BreadcrumbList","@id":"https:\/\/unissonconferences.com\/en\/all-topics\/#breadcrumb","itemListElement":[{"@type":"ListItem","position":1,"name":"Accueil","item":"https:\/\/unissonconferences.com\/en\/"},{"@type":"ListItem","position":2,"name":"Conference and Training Topics"}]},{"@type":"WebSite","@id":"https:\/\/unissonconferences.com\/en\/#website","url":"https:\/\/unissonconferences.com\/en\/","name":"Unisson Conf\u00e9rences","description":"L&#039;\u00e9lite de la conf\u00e9rence","publisher":{"@id":"https:\/\/unissonconferences.com\/en\/#organization"},"potentialAction":[{"@type":"SearchAction","target":{"@type":"EntryPoint","urlTemplate":"https:\/\/unissonconferences.com\/en\/?s={search_term_string}"},"query-input":{"@type":"PropertyValueSpecification","valueRequired":true,"valueName":"search_term_string"}}],"inLanguage":"en-CA"},{"@type":"Organization","@id":"https:\/\/unissonconferences.com\/en\/#organization","name":"Unisson Conf\u00e9rences","url":"https:\/\/unissonconferences.com\/en\/","logo":{"@type":"ImageObject","inLanguage":"en-CA","@id":"https:\/\/unissonconferences.com\/en\/#\/schema\/logo\/image\/","url":"https:\/\/unissonconferences.com\/wp-content\/uploads\/2024\/12\/cropped-favicon-unisson-96px-1.png","contentUrl":"https:\/\/unissonconferences.com\/wp-content\/uploads\/2024\/12\/cropped-favicon-unisson-96px-1.png","width":512,"height":512,"caption":"Unisson Conf\u00e9rences"},"image":{"@id":"https:\/\/unissonconferences.com\/en\/#\/schema\/logo\/image\/"},"sameAs":["https:\/\/www.facebook.com\/unissonconferences\/","https:\/\/www.linkedin.com\/company\/unisson-l-lite-de-la-confrence\/"],"description":"Unisson, c\u2019est d\u2019abord et avant tout l\u2019id\u00e9e d\u2019une passionn\u00e9e qui a suivi sa passion des conf\u00e9renciers pour cr\u00e9er Unisson! Nous sommes une grande famille, le nom de l\u2019agence le repr\u00e9sente bien\u2026 nous sommes \u00e0 l\u2019Unisson. Tous nos conf\u00e9renciers partagent les m\u00eames valeurs de c\u0153ur, d\u2019authenticit\u00e9 et de contribution!","email":"info@unissonconferences.com","telephone":"+15148323322","numberOfEmployees":{"@type":"QuantitativeValue","minValue":"1","maxValue":"10"},"publishingPrinciples":"https:\/\/unissonconferences.com\/a-propos\/","actionableFeedbackPolicy":"https:\/\/unissonconferences.com\/politique-sur-les-cookies-et-la-confidentialite\/"}]}},"_links":{"self":[{"href":"https:\/\/unissonconferences.com\/en\/wp-json\/wp\/v2\/pages\/1786","targetHints":{"allow":["GET"]}}],"collection":[{"href":"https:\/\/unissonconferences.com\/en\/wp-json\/wp\/v2\/pages"}],"about":[{"href":"https:\/\/unissonconferences.com\/en\/wp-json\/wp\/v2\/types\/page"}],"author":[{"embeddable":true,"href":"https:\/\/unissonconferences.com\/en\/wp-json\/wp\/v2\/users\/11"}],"replies":[{"embeddable":true,"href":"https:\/\/unissonconferences.com\/en\/wp-json\/wp\/v2\/comments?post=1786"}],"version-history":[{"count":19,"href":"https:\/\/unissonconferences.com\/en\/wp-json\/wp\/v2\/pages\/1786\/revisions"}],"predecessor-version":[{"id":19847,"href":"https:\/\/unissonconferences.com\/en\/wp-json\/wp\/v2\/pages\/1786\/revisions\/19847"}],"wp:attachment":[{"href":"https:\/\/unissonconferences.com\/en\/wp-json\/wp\/v2\/media?parent=1786"}],"curies":[{"name":"wp","href":"https:\/\/api.w.org\/{rel}","templated":true}]}}