{"id":1972,"date":"2022-10-03T14:21:51","date_gmt":"2022-10-03T18:21:51","guid":{"rendered":"https:\/\/unissonconferences.com\/2023\/?page_id=1972"},"modified":"2025-04-11T13:20:57","modified_gmt":"2025-04-11T17:20:57","slug":"services","status":"publish","type":"page","link":"https:\/\/unissonconferences.com\/en\/services\/","title":{"rendered":"Services"},"content":{"rendered":"<div class=\"et_pb_section_0 et_pb_section et_section_regular et_flex_section\">\n<div class=\"et_pb_row_0 et_pb_row et_flex_row preset--module--divi-row--default\">\n<div class=\"et_pb_column_0 et_pb_column et-last-child et_flex_column et_pb_css_mix_blend_mode_passthrough et_flex_column_24_24 et_flex_column_24_24_tablet et_flex_column_24_24_phone\">\n<div class=\"et_pb_heading_0 et_pb_heading et_pb_module et_flex_module\"><div class=\"et_pb_heading_container\"><h1 class=\"et_pb_module_header\">Services<\/h1><\/div><\/div>\n<\/div>\n<\/div>\n<\/div>\n\n<div class=\"et_pb_section_1 et_pb_section et_section_regular et_flex_section\">\n<div class=\"et_pb_row_1 et_pb_row et_flex_row preset--module--divi-row--default\"><div class=\"et_pb_column_1 et_pb_column et-last-child et_flex_column et_pb_css_mix_blend_mode_passthrough et_flex_column_24_24 et_flex_column_24_24_tablet et_flex_column_24_24_phone\"><div class=\"et_pb_text_0 et_pb_text et_pb_bg_layout_light et_pb_module et_flex_module\"><div class=\"et_pb_text_inner\"><nav class=\"vc-breadcrumb\"><a href=\"\/en\/\" class=\"vc-bc-button\">Home<\/a><\/nav>\n<\/div><\/div><\/div><\/div>\n\n<div class=\"et_pb_row_2 et_pb_row et_flex_row preset--module--divi-row--default\">\n<div class=\"et_pb_column_2 et_pb_column et-last-child et_flex_column et_pb_css_mix_blend_mode_passthrough et_flex_column_24_24 et_flex_column_24_24_tablet et_flex_column_24_24_phone\">\n<div class=\"et_pb_text_1 et_pb_text et_pb_bg_layout_light et_pb_module et_flex_module\"><div class=\"et_pb_text_inner\"><h1 style=\"text-align: center;\">Our services, <em>step by step:<\/em><\/h1>\n<hr \/>\n<\/div><\/div>\n<\/div>\n<\/div>\n\n<div class=\"et_pb_row_3 et_pb_row et_flex_row preset--module--divi-row--default\">\n<div class=\"et_pb_column_3 et_pb_column et_flex_column et_pb_css_mix_blend_mode_passthrough et_flex_column_24_24 et_flex_column_24_24_tablet et_flex_column_24_24_phone\">\n<div class=\"et_pb_icon_0 et_pb_icon et_pb_module et_flex_module\"><span class=\"et_pb_icon_wrap\"><span class=\"et-pb-icon\">\uf073<\/span><\/span><\/div>\n\n<div class=\"et_pb_text_2 et_pb_text et_pb_bg_layout_light et_pb_module et_flex_module\"><div class=\"et_pb_text_inner\"><h2 style=\"text-align: center;\"><em>BEFORE THE EVENT<\/em><\/h2>\n<p style=\"text-align: center;\"><strong>** The following services are free:<\/strong><\/p>\n<\/div><\/div>\n\n<div class=\"et_pb_text_3 et_pb_text et_pb_bg_layout_light et_pb_module et_flex_module\"><div class=\"et_pb_text_inner\"><ul>\n<li>Discussion to know and understand your needs and expectations.<\/li>\n<li>Proposal of the most relevant speakers for you and our advice and expertise to assure the success of your event.<\/li>\n<li>Organization of meetings with the speakers you selected, in order to facilitate your final choice.<\/li>\n<li>Drafting of the win-win agreement.<\/li>\n<\/ul>\n<\/div><\/div>\n<\/div>\n\n<div class=\"et_pb_column_4 et_pb_column et_flex_column et_pb_css_mix_blend_mode_passthrough et_flex_column_24_24 et_flex_column_24_24_tablet et_flex_column_24_24_phone\">\n<div class=\"et_pb_icon_1 et_pb_icon et_pb_module et_flex_module\"><span class=\"et_pb_icon_wrap\"><span class=\"et-pb-icon\">\ue08b<\/span><\/span><\/div>\n\n<div class=\"et_pb_text_4 et_pb_text et_pb_bg_layout_light et_pb_module et_flex_module\"><div class=\"et_pb_text_inner\"><h2 style=\"text-align: center;\"><em>DURING THE EVENT<\/em><\/h2>\n<p style=\"text-align: center;\"><strong>Services<\/strong><\/p>\n<\/div><\/div>\n\n<div class=\"et_pb_text_5 et_pb_text et_pb_bg_layout_light et_pb_module et_flex_module\"><div class=\"et_pb_text_inner\"><ul>\n<li>Exchange of best practices for virtual conferences, as well as to maximize the atmosphere (e.g., lighting, room layout, temperature, etc.) during on-location events.<\/li>\n<li>Promotional material.<\/li>\n<li>Logistic support with the chosen speaker(s).<\/li>\n<li>Logistic support with the chosen speaker(s).<\/li>\n<li>Coordination for logistics needs (transport, hotels, web platform, etc.).<\/li>\n<li>Cooperation with on-site workers (e.g. audiovisual technicians).<\/li>\n<\/ul>\n<\/div><\/div>\n<\/div>\n\n<div class=\"et_pb_column_5 et_pb_column et-last-child et_flex_column et_pb_css_mix_blend_mode_passthrough et_flex_column_24_24 et_flex_column_24_24_tablet et_flex_column_24_24_phone\">\n<div class=\"et_pb_icon_2 et_pb_icon et_pb_module et_flex_module\"><span class=\"et_pb_icon_wrap\"><span class=\"et-pb-icon\">\uf064<\/span><\/span><\/div>\n\n<div class=\"et_pb_text_6 et_pb_text et_pb_bg_layout_light et_pb_module et_flex_module\"><div class=\"et_pb_text_inner\"><h2 style=\"text-align: center;\"><em>AFTER THE EVENT<\/em><\/h2>\n<p style=\"text-align: center;\"><strong>** The following services are free:<\/strong><\/p>\n<\/div><\/div>\n\n<div class=\"et_pb_text_7 et_pb_text et_pb_bg_layout_light et_pb_module et_flex_module\"><div class=\"et_pb_text_inner\"><ul>\n<li>Satisfaction survey<\/li>\n<li>Practical suggestions for implementing what you attendees have learned after the event\u2026 and thus making your investment even more profitable!<\/li>\n<\/ul>\n<\/div><\/div>\n<\/div>\n<\/div>\n\n<div class=\"et_pb_row_4 et_pb_row et_flex_row preset--module--divi-row--default\">\n<div class=\"et_pb_column_6 et_pb_column et-last-child et_flex_column et_pb_css_mix_blend_mode_passthrough et_flex_column_24_24 et_flex_column_24_24_tablet et_flex_column_24_24_phone\">\n<div class=\"et_pb_text_8 et_pb_text et_pb_bg_layout_light et_pb_module et_flex_module\"><div class=\"et_pb_text_inner\"><h3>If you have any questions about one or more of our services, do not hesitate to contact us.<\/h3>\n<h3>Notre objectif principal est que <em>Our main objective is that <em>your team congratulates you for the very high QUALITY of all your events! <\/em><\/h3>\n<\/div><\/div>\n\n<div class=\"et_pb_module et_pb_button_module_wrapper et_pb_button_0_wrapper\"><a class=\"et_pb_button_0 et_pb_button et_pb_bg_layout_light et_pb_module et_flex_module\" href=\"\/en\/contact\/\">CONTACT US<\/a><\/div>\n\n<div class=\"et_pb_image_0 et_pb_image et_pb_module et_flex_module\"><span class=\"et_pb_image_wrap\"><img decoding=\"async\" src=\"\/wp-content\/uploads\/2023\/01\/Unisson-party-de-nos-conferenciers.jpg\" \/><\/span><\/div>\n<\/div>\n<\/div>\n<\/div>","protected":false},"excerpt":{"rendered":"","protected":false},"author":11,"featured_media":0,"parent":0,"menu_order":13,"comment_status":"open","ping_status":"closed","template":"","meta":{"_lmt_disableupdate":"no","_lmt_disable":"","footnotes":""},"class_list":["post-1972","page","type-page","status-publish","hentry"],"yoast_head":"<!-- This site is optimized with the Yoast SEO Premium plugin v27.1 (Yoast SEO v27.1.1) - https:\/\/yoast.com\/product\/yoast-seo-premium-wordpress\/ -->\n<title>Services - Unisson Conf\u00e9rence<\/title>\n<meta name=\"description\" content=\"D\u00e9couvrez les services d&#039;Unisson! Des conf\u00e9renciers experts pour les secteurs financiers, \u00e9ducation, sant\u00e9, TI, tourisme, et plus.\" \/>\n<meta name=\"robots\" content=\"index, follow, max-snippet:-1, max-image-preview:large, max-video-preview:-1\" \/>\n<link rel=\"canonical\" href=\"https:\/\/unissonconferences.com\/en\/services\/\" \/>\n<meta property=\"og:locale\" content=\"en_US\" \/>\n<meta property=\"og:type\" content=\"article\" \/>\n<meta property=\"og:title\" content=\"Services\" \/>\n<meta property=\"og:description\" content=\"D\u00e9couvrez les services d&#039;Unisson! Des conf\u00e9renciers experts pour les secteurs financiers, \u00e9ducation, sant\u00e9, TI, tourisme, et plus.\" \/>\n<meta property=\"og:url\" content=\"https:\/\/unissonconferences.com\/en\/services\/\" \/>\n<meta property=\"og:site_name\" content=\"Unisson Conf\u00e9rence\" \/>\n<meta property=\"article:publisher\" content=\"https:\/\/www.facebook.com\/unissonconferences\/\" \/>\n<meta property=\"article:modified_time\" content=\"2025-04-11T17:20:57+00:00\" \/>\n<meta name=\"twitter:card\" content=\"summary_large_image\" \/>\n<script type=\"application\/ld+json\" class=\"yoast-schema-graph\">{\"@context\":\"https:\/\/schema.org\",\"@graph\":[{\"@type\":\"WebPage\",\"@id\":\"https:\/\/unissonconferences.com\/en\/services\/\",\"url\":\"https:\/\/unissonconferences.com\/en\/services\/\",\"name\":\"Services - Unisson Conf\u00e9rence\",\"isPartOf\":{\"@id\":\"https:\/\/unissonconferences.com\/en\/#website\"},\"datePublished\":\"2022-10-03T18:21:51+00:00\",\"dateModified\":\"2025-04-11T17:20:57+00:00\",\"description\":\"D\u00e9couvrez les services d'Unisson! Des conf\u00e9renciers experts pour les secteurs financiers, \u00e9ducation, sant\u00e9, TI, tourisme, et plus.\",\"breadcrumb\":{\"@id\":\"https:\/\/unissonconferences.com\/en\/services\/#breadcrumb\"},\"inLanguage\":\"en-CA\",\"potentialAction\":[{\"@type\":\"ReadAction\",\"target\":[\"https:\/\/unissonconferences.com\/en\/services\/\"]}]},{\"@type\":\"BreadcrumbList\",\"@id\":\"https:\/\/unissonconferences.com\/en\/services\/#breadcrumb\",\"itemListElement\":[{\"@type\":\"ListItem\",\"position\":1,\"name\":\"Accueil\",\"item\":\"https:\/\/unissonconferences.com\/en\/\"},{\"@type\":\"ListItem\",\"position\":2,\"name\":\"Services\"}]},{\"@type\":\"WebSite\",\"@id\":\"https:\/\/unissonconferences.com\/en\/#website\",\"url\":\"https:\/\/unissonconferences.com\/en\/\",\"name\":\"Unisson Conf\u00e9rences\",\"description\":\"L&#039;\u00e9lite de la conf\u00e9rence\",\"publisher\":{\"@id\":\"https:\/\/unissonconferences.com\/en\/#organization\"},\"potentialAction\":[{\"@type\":\"SearchAction\",\"target\":{\"@type\":\"EntryPoint\",\"urlTemplate\":\"https:\/\/unissonconferences.com\/en\/?s={search_term_string}\"},\"query-input\":{\"@type\":\"PropertyValueSpecification\",\"valueRequired\":true,\"valueName\":\"search_term_string\"}}],\"inLanguage\":\"en-CA\"},{\"@type\":\"Organization\",\"@id\":\"https:\/\/unissonconferences.com\/en\/#organization\",\"name\":\"Unisson Conf\u00e9rences\",\"url\":\"https:\/\/unissonconferences.com\/en\/\",\"logo\":{\"@type\":\"ImageObject\",\"inLanguage\":\"en-CA\",\"@id\":\"https:\/\/unissonconferences.com\/en\/#\/schema\/logo\/image\/\",\"url\":\"https:\/\/unissonconferences.com\/wp-content\/uploads\/2024\/12\/cropped-favicon-unisson-96px-1.png\",\"contentUrl\":\"https:\/\/unissonconferences.com\/wp-content\/uploads\/2024\/12\/cropped-favicon-unisson-96px-1.png\",\"width\":512,\"height\":512,\"caption\":\"Unisson Conf\u00e9rences\"},\"image\":{\"@id\":\"https:\/\/unissonconferences.com\/en\/#\/schema\/logo\/image\/\"},\"sameAs\":[\"https:\/\/www.facebook.com\/unissonconferences\/\",\"https:\/\/www.linkedin.com\/company\/unisson-l-lite-de-la-confrence\/\"],\"description\":\"Unisson, c\u2019est d\u2019abord et avant tout l\u2019id\u00e9e d\u2019une passionn\u00e9e qui a suivi sa passion des conf\u00e9renciers pour cr\u00e9er Unisson! Nous sommes une grande famille, le nom de l\u2019agence le repr\u00e9sente bien\u2026 nous sommes \u00e0 l\u2019Unisson. Tous nos conf\u00e9renciers partagent les m\u00eames valeurs de c\u0153ur, d\u2019authenticit\u00e9 et de contribution!\",\"email\":\"info@unissonconferences.com\",\"telephone\":\"+15148323322\",\"numberOfEmployees\":{\"@type\":\"QuantitativeValue\",\"minValue\":\"1\",\"maxValue\":\"10\"},\"publishingPrinciples\":\"https:\/\/unissonconferences.com\/a-propos\/\",\"actionableFeedbackPolicy\":\"https:\/\/unissonconferences.com\/politique-sur-les-cookies-et-la-confidentialite\/\"}]}<\/script>\n<!-- \/ Yoast SEO Premium plugin. -->","yoast_head_json":{"title":"Services - Unisson Conf\u00e9rence","description":"D\u00e9couvrez les services d'Unisson! Des conf\u00e9renciers experts pour les secteurs financiers, \u00e9ducation, sant\u00e9, TI, tourisme, et plus.","robots":{"index":"index","follow":"follow","max-snippet":"max-snippet:-1","max-image-preview":"max-image-preview:large","max-video-preview":"max-video-preview:-1"},"canonical":"https:\/\/unissonconferences.com\/en\/services\/","og_locale":"en_US","og_type":"article","og_title":"Services","og_description":"D\u00e9couvrez les services d'Unisson! Des conf\u00e9renciers experts pour les secteurs financiers, \u00e9ducation, sant\u00e9, TI, tourisme, et plus.","og_url":"https:\/\/unissonconferences.com\/en\/services\/","og_site_name":"Unisson Conf\u00e9rence","article_publisher":"https:\/\/www.facebook.com\/unissonconferences\/","article_modified_time":"2025-04-11T17:20:57+00:00","twitter_card":"summary_large_image","schema":{"@context":"https:\/\/schema.org","@graph":[{"@type":"WebPage","@id":"https:\/\/unissonconferences.com\/en\/services\/","url":"https:\/\/unissonconferences.com\/en\/services\/","name":"Services - Unisson Conf\u00e9rence","isPartOf":{"@id":"https:\/\/unissonconferences.com\/en\/#website"},"datePublished":"2022-10-03T18:21:51+00:00","dateModified":"2025-04-11T17:20:57+00:00","description":"D\u00e9couvrez les services d'Unisson! Des conf\u00e9renciers experts pour les secteurs financiers, \u00e9ducation, sant\u00e9, TI, tourisme, et plus.","breadcrumb":{"@id":"https:\/\/unissonconferences.com\/en\/services\/#breadcrumb"},"inLanguage":"en-CA","potentialAction":[{"@type":"ReadAction","target":["https:\/\/unissonconferences.com\/en\/services\/"]}]},{"@type":"BreadcrumbList","@id":"https:\/\/unissonconferences.com\/en\/services\/#breadcrumb","itemListElement":[{"@type":"ListItem","position":1,"name":"Accueil","item":"https:\/\/unissonconferences.com\/en\/"},{"@type":"ListItem","position":2,"name":"Services"}]},{"@type":"WebSite","@id":"https:\/\/unissonconferences.com\/en\/#website","url":"https:\/\/unissonconferences.com\/en\/","name":"Unisson Conf\u00e9rences","description":"L&#039;\u00e9lite de la conf\u00e9rence","publisher":{"@id":"https:\/\/unissonconferences.com\/en\/#organization"},"potentialAction":[{"@type":"SearchAction","target":{"@type":"EntryPoint","urlTemplate":"https:\/\/unissonconferences.com\/en\/?s={search_term_string}"},"query-input":{"@type":"PropertyValueSpecification","valueRequired":true,"valueName":"search_term_string"}}],"inLanguage":"en-CA"},{"@type":"Organization","@id":"https:\/\/unissonconferences.com\/en\/#organization","name":"Unisson Conf\u00e9rences","url":"https:\/\/unissonconferences.com\/en\/","logo":{"@type":"ImageObject","inLanguage":"en-CA","@id":"https:\/\/unissonconferences.com\/en\/#\/schema\/logo\/image\/","url":"https:\/\/unissonconferences.com\/wp-content\/uploads\/2024\/12\/cropped-favicon-unisson-96px-1.png","contentUrl":"https:\/\/unissonconferences.com\/wp-content\/uploads\/2024\/12\/cropped-favicon-unisson-96px-1.png","width":512,"height":512,"caption":"Unisson Conf\u00e9rences"},"image":{"@id":"https:\/\/unissonconferences.com\/en\/#\/schema\/logo\/image\/"},"sameAs":["https:\/\/www.facebook.com\/unissonconferences\/","https:\/\/www.linkedin.com\/company\/unisson-l-lite-de-la-confrence\/"],"description":"Unisson, c\u2019est d\u2019abord et avant tout l\u2019id\u00e9e d\u2019une passionn\u00e9e qui a suivi sa passion des conf\u00e9renciers pour cr\u00e9er Unisson! Nous sommes une grande famille, le nom de l\u2019agence le repr\u00e9sente bien\u2026 nous sommes \u00e0 l\u2019Unisson. Tous nos conf\u00e9renciers partagent les m\u00eames valeurs de c\u0153ur, d\u2019authenticit\u00e9 et de contribution!","email":"info@unissonconferences.com","telephone":"+15148323322","numberOfEmployees":{"@type":"QuantitativeValue","minValue":"1","maxValue":"10"},"publishingPrinciples":"https:\/\/unissonconferences.com\/a-propos\/","actionableFeedbackPolicy":"https:\/\/unissonconferences.com\/politique-sur-les-cookies-et-la-confidentialite\/"}]}},"_links":{"self":[{"href":"https:\/\/unissonconferences.com\/en\/wp-json\/wp\/v2\/pages\/1972","targetHints":{"allow":["GET"]}}],"collection":[{"href":"https:\/\/unissonconferences.com\/en\/wp-json\/wp\/v2\/pages"}],"about":[{"href":"https:\/\/unissonconferences.com\/en\/wp-json\/wp\/v2\/types\/page"}],"author":[{"embeddable":true,"href":"https:\/\/unissonconferences.com\/en\/wp-json\/wp\/v2\/users\/11"}],"replies":[{"embeddable":true,"href":"https:\/\/unissonconferences.com\/en\/wp-json\/wp\/v2\/comments?post=1972"}],"version-history":[{"count":8,"href":"https:\/\/unissonconferences.com\/en\/wp-json\/wp\/v2\/pages\/1972\/revisions"}],"predecessor-version":[{"id":18281,"href":"https:\/\/unissonconferences.com\/en\/wp-json\/wp\/v2\/pages\/1972\/revisions\/18281"}],"wp:attachment":[{"href":"https:\/\/unissonconferences.com\/en\/wp-json\/wp\/v2\/media?parent=1972"}],"curies":[{"name":"wp","href":"https:\/\/api.w.org\/{rel}","templated":true}]}}