{"id":9185,"date":"2023-10-24T19:27:42","date_gmt":"2023-10-24T23:27:42","guid":{"rendered":"https:\/\/unissonconferences.com\/?page_id=9185"},"modified":"2025-04-11T14:16:51","modified_gmt":"2025-04-11T18:16:51","slug":"clients-testimonials","status":"publish","type":"page","link":"https:\/\/unissonconferences.com\/en\/clients-testimonials\/","title":{"rendered":"Our clients"},"content":{"rendered":"<div class=\"et_pb_section_0 et_pb_section et_section_regular et_flex_section\">\n<div class=\"et_pb_row_0 et_pb_row et_flex_row preset--module--divi-row--default\">\n<div class=\"et_pb_column_0 et_pb_column et-last-child et_flex_column et_pb_css_mix_blend_mode_passthrough et_flex_column_24_24 et_flex_column_24_24_tablet et_flex_column_24_24_phone\">\n<div class=\"et_pb_heading_0 et_pb_heading et_pb_module et_flex_module\"><div class=\"et_pb_heading_container\"><h1 class=\"et_pb_module_header\">Our clients<\/h1><\/div><\/div>\n<\/div>\n<\/div>\n<\/div>\n\n<div class=\"et_pb_section_1 et_pb_section et_section_regular et_block_section\"><div class=\"et_pb_row_1 et_pb_row et_block_row preset--module--divi-row--default\"><div class=\"et_pb_column_1 et_pb_column et_pb_column_4_4 et-last-child et_block_column et_pb_css_mix_blend_mode_passthrough\"><div class=\"et_pb_text_0 et_pb_text et_pb_bg_layout_light et_pb_module et_block_module\"><div class=\"et_pb_text_inner\"><nav class=\"vc-breadcrumb\"><a href=\"\/en\/\" class=\"vc-bc-button\">Home<\/a><\/nav>\n<\/div><\/div><\/div><\/div><\/div>\n\n<div class=\"et_pb_section_2 et_pb_section et_section_regular et_flex_section\">\n<div class=\"et_pb_row_2 et_pb_row et_flex_row preset--module--divi-row--default\">\n<div class=\"et_pb_column_2 et_pb_column et-last-child et_flex_column et_pb_css_mix_blend_mode_passthrough et_flex_column_24_24 et_flex_column_24_24_tablet et_flex_column_24_24_phone\">\n<div class=\"et_pb_text_1 et_pb_text et_pb_bg_layout_light et_pb_module et_flex_module\"><div class=\"et_pb_text_inner\"><p>Here is a partial list of clients with whom we had the privilege to collaborate with. Thank you very much for your trust!<\/p>\n<\/div><\/div>\n\n<div class=\"et_pb_image_0 et_pb_image et_pb_module et_flex_module\"><span class=\"et_pb_image_wrap\"><img loading=\"lazy\" decoding=\"async\" src=\"https:\/\/www.unissonconferences.com\/wp-content\/uploads\/2023\/10\/Unisson_visuels_logos-scaled.jpg\" alt=\"Unisson Clients\" title=\"Unisson_visuels_logos\" width=\"2560\" height=\"1440\" srcset=\"https:\/\/unissonconferences.com\/wp-content\/uploads\/2023\/10\/Unisson_visuels_logos-scaled.jpg 2560w, https:\/\/unissonconferences.com\/wp-content\/uploads\/2023\/10\/Unisson_visuels_logos-300x169.jpg 300w, https:\/\/unissonconferences.com\/wp-content\/uploads\/2023\/10\/Unisson_visuels_logos-1024x576.jpg 1024w, https:\/\/unissonconferences.com\/wp-content\/uploads\/2023\/10\/Unisson_visuels_logos-768x432.jpg 768w, https:\/\/unissonconferences.com\/wp-content\/uploads\/2023\/10\/Unisson_visuels_logos-1536x864.jpg 1536w, https:\/\/unissonconferences.com\/wp-content\/uploads\/2023\/10\/Unisson_visuels_logos-2048x1152.jpg 2048w\" sizes=\"(max-width: 2560px) 100vw, 2560px\" class=\"wp-image-9197\" \/><\/span><\/div>\n<\/div>\n<\/div>\n<\/div>\n\n<div class=\"et_pb_section_3 et_pb_section et_section_regular et_flex_section\" id=\"testimonials\">\n<div class=\"et_pb_row_3 et_pb_row et_flex_row preset--module--divi-row--default\" id=\"temoignages\">\n<div class=\"et_pb_column_3 et_pb_column et-last-child et_flex_column et_pb_css_mix_blend_mode_passthrough et_flex_column_24_24 et_flex_column_24_24_tablet et_flex_column_24_24_phone\">\n<div class=\"et_pb_text_2 et_pb_text et_pb_bg_layout_light et_pb_module et_flex_module\"><div class=\"et_pb_text_inner\"><h1>Raving reviews<\/h1>\n<p>Thank you everyone for your superb reviews! Here are some of the hundreds of testimonies we received over the years from our satisfied clients. Please contact us if you would like to receive testimonies from organizations in your industry.<\/p>\n<\/div><\/div>\n<\/div>\n<\/div>\n\n<div class=\"et_pb_row_4 et_pb_row et_flex_row preset--module--divi-row--default\">\n<div class=\"et_pb_column_4 et_pb_column et_flex_column et_pb_css_mix_blend_mode_passthrough et_flex_column_24_24 et_flex_column_24_24_tablet et_flex_column_24_24_phone\">\n<div class=\"et_pb_text_3 et_pb_text et_pb_bg_layout_light et_pb_module et_flex_module\"><div class=\"et_pb_text_inner\"><p>So fun to meet and have you at our event!!!!<\/p>\n<p>You were a HIT \ud83e\udd29<\/p>\n<h3>Leigh Kenney<\/h3>\n<p>Royal Lepage Du Village<br \/><img loading=\"lazy\" decoding=\"async\" src=\"https:\/\/unissonconferences.com\/wp-content\/uploads\/2023\/10\/UnissonConf_Logos_RoyalLepageVillage001-300x114.png\" width=\"300\" height=\"114\" alt=\"Royal Lepage Du Village\" class=\"wp-image-9679 alignnone size-medium\" srcset=\"https:\/\/unissonconferences.com\/wp-content\/uploads\/2023\/10\/UnissonConf_Logos_RoyalLepageVillage001-300x114.png 300w, https:\/\/unissonconferences.com\/wp-content\/uploads\/2023\/10\/UnissonConf_Logos_RoyalLepageVillage001-1024x388.png 1024w, https:\/\/unissonconferences.com\/wp-content\/uploads\/2023\/10\/UnissonConf_Logos_RoyalLepageVillage001-768x291.png 768w, https:\/\/unissonconferences.com\/wp-content\/uploads\/2023\/10\/UnissonConf_Logos_RoyalLepageVillage001.png 1034w\" sizes=\"(max-width: 300px) 100vw, 300px\" \/><\/p>\n<\/div><\/div>\n<\/div>\n\n<div class=\"et_pb_column_5 et_pb_column et_flex_column et_pb_css_mix_blend_mode_passthrough et_flex_column_24_24 et_flex_column_24_24_tablet et_flex_column_24_24_phone\">\n<div class=\"et_pb_text_4 et_pb_text et_pb_bg_layout_light et_pb_module et_flex_module\"><div class=\"et_pb_text_inner\"><p>Thank you once again for contributing to the success of our event.<\/p>\n<p>We truly appreciated your wide range of speakers, and especially the presentation that helped us make an informed choice.<\/p>\n<p>We also valued your professional approach and support, ensuring flawless logistics right through to the execution of the event.<\/p>\n<p>A special thank you to Martin Lesp\u00e9rance for his openness and his ability to adapt to different audiences, changes, and on-site challenges.<\/p>\n<p>The follow-up on social media was also greatly appreciated!<\/p>\n<p>We look forward to working with you again!<\/p>\n<h3>Blais Industries<\/h3>\n<p> <img decoding=\"async\" src=\"\/wp-content\/uploads\/2023\/10\/UnissonConf_Logos_BlaisIndustries001.png\" alt=\"Blais Industries\" \/><\/p>\n<\/div><\/div>\n<\/div>\n\n<div class=\"et_pb_column_6 et_pb_column et-last-child et_flex_column et_pb_css_mix_blend_mode_passthrough et_flex_column_24_24 et_flex_column_24_24_tablet et_flex_column_24_24_phone\">\n<div class=\"et_pb_text_5 et_pb_text et_pb_bg_layout_light et_pb_module et_flex_module\"><div class=\"et_pb_text_inner\"><p>Thank you for your support and your client-centered approach throughout this process. We will definitely keep Unisson in mind for our future conference needs.<\/p>\n<p>Thank you again for your support, and we look forward to continuing our collaboration.<\/p>\n<h3>Jean-Marc Dupont, M.Ed.<\/h3>\n<p>Director \u2013 Learning Support Services \u2013 Pedagogical Division<br \/>\nConseil des \u00e9coles catholiques du Centre-Est<\/p>\n<p><img decoding=\"async\" src=\"\/wp-content\/uploads\/2023\/10\/UnissonConf_Logos_ConseilEcolesCatholiquesCentreEst001.png\" alt=\"Conseil des \u00e9coles catholiques du Centre-Est\" \/><\/p>\n<\/div><\/div>\n<\/div>\n<\/div>\n<\/div>","protected":false},"excerpt":{"rendered":"","protected":false},"author":11,"featured_media":0,"parent":0,"menu_order":4,"comment_status":"closed","ping_status":"closed","template":"","meta":{"_lmt_disableupdate":"no","_lmt_disable":"","footnotes":""},"class_list":["post-9185","page","type-page","status-publish","hentry"],"yoast_head":"<!-- This site is optimized with the Yoast SEO Premium plugin v27.1 (Yoast SEO v27.1.1) - https:\/\/yoast.com\/product\/yoast-seo-premium-wordpress\/ -->\n<title>Our clients - Unisson Conf\u00e9rence<\/title>\n<meta name=\"description\" content=\"D\u00e9couvrez les t\u00e9moignages de nos clients chez Unisson et voyez comment nous contribuons au succ\u00e8s de leurs \u00e9v\u00e9nements!\" \/>\n<meta name=\"robots\" content=\"index, follow, max-snippet:-1, max-image-preview:large, max-video-preview:-1\" \/>\n<link rel=\"canonical\" href=\"https:\/\/unissonconferences.com\/en\/clients-testimonials\/\" \/>\n<meta property=\"og:locale\" content=\"en_US\" \/>\n<meta property=\"og:type\" content=\"article\" \/>\n<meta property=\"og:title\" content=\"Our clients\" \/>\n<meta property=\"og:description\" content=\"D\u00e9couvrez les t\u00e9moignages de nos clients chez Unisson et voyez comment nous contribuons au succ\u00e8s de leurs \u00e9v\u00e9nements!\" \/>\n<meta property=\"og:url\" content=\"https:\/\/unissonconferences.com\/en\/clients-testimonials\/\" \/>\n<meta property=\"og:site_name\" content=\"Unisson Conf\u00e9rence\" \/>\n<meta property=\"article:publisher\" content=\"https:\/\/www.facebook.com\/unissonconferences\/\" \/>\n<meta property=\"article:modified_time\" content=\"2025-04-11T18:16:51+00:00\" \/>\n<meta name=\"twitter:card\" content=\"summary_large_image\" \/>\n<script type=\"application\/ld+json\" class=\"yoast-schema-graph\">{\"@context\":\"https:\/\/schema.org\",\"@graph\":[{\"@type\":\"WebPage\",\"@id\":\"https:\/\/unissonconferences.com\/en\/clients-testimonials\/\",\"url\":\"https:\/\/unissonconferences.com\/en\/clients-testimonials\/\",\"name\":\"Our clients - Unisson Conf\u00e9rence\",\"isPartOf\":{\"@id\":\"https:\/\/unissonconferences.com\/en\/#website\"},\"datePublished\":\"2023-10-24T23:27:42+00:00\",\"dateModified\":\"2025-04-11T18:16:51+00:00\",\"description\":\"D\u00e9couvrez les t\u00e9moignages de nos clients chez Unisson et voyez comment nous contribuons au succ\u00e8s de leurs \u00e9v\u00e9nements!\",\"breadcrumb\":{\"@id\":\"https:\/\/unissonconferences.com\/en\/clients-testimonials\/#breadcrumb\"},\"inLanguage\":\"en-CA\",\"potentialAction\":[{\"@type\":\"ReadAction\",\"target\":[\"https:\/\/unissonconferences.com\/en\/clients-testimonials\/\"]}]},{\"@type\":\"BreadcrumbList\",\"@id\":\"https:\/\/unissonconferences.com\/en\/clients-testimonials\/#breadcrumb\",\"itemListElement\":[{\"@type\":\"ListItem\",\"position\":1,\"name\":\"Accueil\",\"item\":\"https:\/\/unissonconferences.com\/en\/\"},{\"@type\":\"ListItem\",\"position\":2,\"name\":\"Our clients\"}]},{\"@type\":\"WebSite\",\"@id\":\"https:\/\/unissonconferences.com\/en\/#website\",\"url\":\"https:\/\/unissonconferences.com\/en\/\",\"name\":\"Unisson Conf\u00e9rences\",\"description\":\"L&#039;\u00e9lite de la conf\u00e9rence\",\"publisher\":{\"@id\":\"https:\/\/unissonconferences.com\/en\/#organization\"},\"potentialAction\":[{\"@type\":\"SearchAction\",\"target\":{\"@type\":\"EntryPoint\",\"urlTemplate\":\"https:\/\/unissonconferences.com\/en\/?s={search_term_string}\"},\"query-input\":{\"@type\":\"PropertyValueSpecification\",\"valueRequired\":true,\"valueName\":\"search_term_string\"}}],\"inLanguage\":\"en-CA\"},{\"@type\":\"Organization\",\"@id\":\"https:\/\/unissonconferences.com\/en\/#organization\",\"name\":\"Unisson Conf\u00e9rences\",\"url\":\"https:\/\/unissonconferences.com\/en\/\",\"logo\":{\"@type\":\"ImageObject\",\"inLanguage\":\"en-CA\",\"@id\":\"https:\/\/unissonconferences.com\/en\/#\/schema\/logo\/image\/\",\"url\":\"https:\/\/unissonconferences.com\/wp-content\/uploads\/2024\/12\/cropped-favicon-unisson-96px-1.png\",\"contentUrl\":\"https:\/\/unissonconferences.com\/wp-content\/uploads\/2024\/12\/cropped-favicon-unisson-96px-1.png\",\"width\":512,\"height\":512,\"caption\":\"Unisson Conf\u00e9rences\"},\"image\":{\"@id\":\"https:\/\/unissonconferences.com\/en\/#\/schema\/logo\/image\/\"},\"sameAs\":[\"https:\/\/www.facebook.com\/unissonconferences\/\",\"https:\/\/www.linkedin.com\/company\/unisson-l-lite-de-la-confrence\/\"],\"description\":\"Unisson, c\u2019est d\u2019abord et avant tout l\u2019id\u00e9e d\u2019une passionn\u00e9e qui a suivi sa passion des conf\u00e9renciers pour cr\u00e9er Unisson! Nous sommes une grande famille, le nom de l\u2019agence le repr\u00e9sente bien\u2026 nous sommes \u00e0 l\u2019Unisson. Tous nos conf\u00e9renciers partagent les m\u00eames valeurs de c\u0153ur, d\u2019authenticit\u00e9 et de contribution!\",\"email\":\"info@unissonconferences.com\",\"telephone\":\"+15148323322\",\"numberOfEmployees\":{\"@type\":\"QuantitativeValue\",\"minValue\":\"1\",\"maxValue\":\"10\"},\"publishingPrinciples\":\"https:\/\/unissonconferences.com\/a-propos\/\",\"actionableFeedbackPolicy\":\"https:\/\/unissonconferences.com\/politique-sur-les-cookies-et-la-confidentialite\/\"}]}<\/script>\n<!-- \/ Yoast SEO Premium plugin. -->","yoast_head_json":{"title":"Our clients - Unisson Conf\u00e9rence","description":"D\u00e9couvrez les t\u00e9moignages de nos clients chez Unisson et voyez comment nous contribuons au succ\u00e8s de leurs \u00e9v\u00e9nements!","robots":{"index":"index","follow":"follow","max-snippet":"max-snippet:-1","max-image-preview":"max-image-preview:large","max-video-preview":"max-video-preview:-1"},"canonical":"https:\/\/unissonconferences.com\/en\/clients-testimonials\/","og_locale":"en_US","og_type":"article","og_title":"Our clients","og_description":"D\u00e9couvrez les t\u00e9moignages de nos clients chez Unisson et voyez comment nous contribuons au succ\u00e8s de leurs \u00e9v\u00e9nements!","og_url":"https:\/\/unissonconferences.com\/en\/clients-testimonials\/","og_site_name":"Unisson Conf\u00e9rence","article_publisher":"https:\/\/www.facebook.com\/unissonconferences\/","article_modified_time":"2025-04-11T18:16:51+00:00","twitter_card":"summary_large_image","schema":{"@context":"https:\/\/schema.org","@graph":[{"@type":"WebPage","@id":"https:\/\/unissonconferences.com\/en\/clients-testimonials\/","url":"https:\/\/unissonconferences.com\/en\/clients-testimonials\/","name":"Our clients - Unisson Conf\u00e9rence","isPartOf":{"@id":"https:\/\/unissonconferences.com\/en\/#website"},"datePublished":"2023-10-24T23:27:42+00:00","dateModified":"2025-04-11T18:16:51+00:00","description":"D\u00e9couvrez les t\u00e9moignages de nos clients chez Unisson et voyez comment nous contribuons au succ\u00e8s de leurs \u00e9v\u00e9nements!","breadcrumb":{"@id":"https:\/\/unissonconferences.com\/en\/clients-testimonials\/#breadcrumb"},"inLanguage":"en-CA","potentialAction":[{"@type":"ReadAction","target":["https:\/\/unissonconferences.com\/en\/clients-testimonials\/"]}]},{"@type":"BreadcrumbList","@id":"https:\/\/unissonconferences.com\/en\/clients-testimonials\/#breadcrumb","itemListElement":[{"@type":"ListItem","position":1,"name":"Accueil","item":"https:\/\/unissonconferences.com\/en\/"},{"@type":"ListItem","position":2,"name":"Our clients"}]},{"@type":"WebSite","@id":"https:\/\/unissonconferences.com\/en\/#website","url":"https:\/\/unissonconferences.com\/en\/","name":"Unisson Conf\u00e9rences","description":"L&#039;\u00e9lite de la conf\u00e9rence","publisher":{"@id":"https:\/\/unissonconferences.com\/en\/#organization"},"potentialAction":[{"@type":"SearchAction","target":{"@type":"EntryPoint","urlTemplate":"https:\/\/unissonconferences.com\/en\/?s={search_term_string}"},"query-input":{"@type":"PropertyValueSpecification","valueRequired":true,"valueName":"search_term_string"}}],"inLanguage":"en-CA"},{"@type":"Organization","@id":"https:\/\/unissonconferences.com\/en\/#organization","name":"Unisson Conf\u00e9rences","url":"https:\/\/unissonconferences.com\/en\/","logo":{"@type":"ImageObject","inLanguage":"en-CA","@id":"https:\/\/unissonconferences.com\/en\/#\/schema\/logo\/image\/","url":"https:\/\/unissonconferences.com\/wp-content\/uploads\/2024\/12\/cropped-favicon-unisson-96px-1.png","contentUrl":"https:\/\/unissonconferences.com\/wp-content\/uploads\/2024\/12\/cropped-favicon-unisson-96px-1.png","width":512,"height":512,"caption":"Unisson Conf\u00e9rences"},"image":{"@id":"https:\/\/unissonconferences.com\/en\/#\/schema\/logo\/image\/"},"sameAs":["https:\/\/www.facebook.com\/unissonconferences\/","https:\/\/www.linkedin.com\/company\/unisson-l-lite-de-la-confrence\/"],"description":"Unisson, c\u2019est d\u2019abord et avant tout l\u2019id\u00e9e d\u2019une passionn\u00e9e qui a suivi sa passion des conf\u00e9renciers pour cr\u00e9er Unisson! Nous sommes une grande famille, le nom de l\u2019agence le repr\u00e9sente bien\u2026 nous sommes \u00e0 l\u2019Unisson. Tous nos conf\u00e9renciers partagent les m\u00eames valeurs de c\u0153ur, d\u2019authenticit\u00e9 et de contribution!","email":"info@unissonconferences.com","telephone":"+15148323322","numberOfEmployees":{"@type":"QuantitativeValue","minValue":"1","maxValue":"10"},"publishingPrinciples":"https:\/\/unissonconferences.com\/a-propos\/","actionableFeedbackPolicy":"https:\/\/unissonconferences.com\/politique-sur-les-cookies-et-la-confidentialite\/"}]}},"_links":{"self":[{"href":"https:\/\/unissonconferences.com\/en\/wp-json\/wp\/v2\/pages\/9185","targetHints":{"allow":["GET"]}}],"collection":[{"href":"https:\/\/unissonconferences.com\/en\/wp-json\/wp\/v2\/pages"}],"about":[{"href":"https:\/\/unissonconferences.com\/en\/wp-json\/wp\/v2\/types\/page"}],"author":[{"embeddable":true,"href":"https:\/\/unissonconferences.com\/en\/wp-json\/wp\/v2\/users\/11"}],"replies":[{"embeddable":true,"href":"https:\/\/unissonconferences.com\/en\/wp-json\/wp\/v2\/comments?post=9185"}],"version-history":[{"count":13,"href":"https:\/\/unissonconferences.com\/en\/wp-json\/wp\/v2\/pages\/9185\/revisions"}],"predecessor-version":[{"id":18302,"href":"https:\/\/unissonconferences.com\/en\/wp-json\/wp\/v2\/pages\/9185\/revisions\/18302"}],"wp:attachment":[{"href":"https:\/\/unissonconferences.com\/en\/wp-json\/wp\/v2\/media?parent=9185"}],"curies":[{"name":"wp","href":"https:\/\/api.w.org\/{rel}","templated":true}]}}